{"id":29809,"date":"2020-06-30T11:42:18","date_gmt":"2020-06-30T09:42:18","guid":{"rendered":"https:\/\/www.laregionedascoprire.ch\/nevere\/"},"modified":"2020-07-02T14:12:30","modified_gmt":"2020-07-02T12:12:30","slug":"nevere","status":"publish","type":"page","link":"https:\/\/www.laregionedascoprire.ch\/fr\/nevere\/","title":{"rendered":"nev\u00e8re"},"content":{"rendered":"<div class=\"wpb-content-wrapper\"><p>[vc_row dfd_row_config=\u00a0\u00bbfull_width_content\u00a0\u00bb css=\u00a0\u00bb.vc_custom_1591421327569{background-image: url(https:\/\/laregionedascoprire.ch\/wp-content\/uploads\/2020\/06\/laregionedascoprire_principale_nevere.jpg?id=29072) !important;background-position: center !important;background-repeat: no-repeat !important;background-size: cover !important;}\u00a0\u00bb][vc_column][dfd_spacer screen_wide_spacer_size=\u00a0\u00bb400&Prime; screen_normal_resolution=\u00a0\u00bb1200&Prime; screen_tablet_resolution=\u00a0\u00bb800&Prime; screen_mobile_resolution=\u00a0\u00bb480&Prime; screen_normal_spacer_size=\u00a0\u00bb200&Prime; screen_tablet_spacer_size=\u00a0\u00bb250&Prime; screen_mobile_spacer_size=\u00a0\u00bb120&Prime;][dfd_videoplayer title=\u00a0\u00bb\u00a0\u00bb subtitle=\u00a0\u00bb\u00a0\u00bb video_link=\u00a0\u00bbhttps:\/\/vimeo.com\/258787150&Prime; main_border=\u00a0\u00bbborder_style:solid|border_width:3|border_radius:60|border_color:%23ffffff\u00a0\u00bb main_border_hover=\u00a0\u00bbborder_style:solid|border_width:3|border_radius:60|border_color:%23ffffff\u00a0\u00bb main_style=\u00a0\u00bbstyle-2&Prime; main_background=\u00a0\u00bbrgba(255,255,255,0.01)\u00a0\u00bb main_background_hover=\u00a0\u00bbrgba(255,255,255,0.01)\u00a0\u00bb icon_color=\u00a0\u00bb#ffffff\u00a0\u00bb icon_hover_color=\u00a0\u00bb#ffffff\u00a0\u00bb icon_background=\u00a0\u00bbrgba(255,255,255,0.01)\u00a0\u00bb icon_hover_background=\u00a0\u00bbrgba(255,255,255,0.01)\u00a0\u00bb icon_bg_size=\u00a0\u00bb120&Prime; icon_font_size=\u00a0\u00bb70&Prime;][dfd_spacer screen_wide_spacer_size=\u00a0\u00bb400&Prime; screen_normal_resolution=\u00a0\u00bb1200&Prime; screen_tablet_resolution=\u00a0\u00bb800&Prime; screen_mobile_resolution=\u00a0\u00bb480&Prime; screen_normal_spacer_size=\u00a0\u00bb200&Prime; screen_tablet_spacer_size=\u00a0\u00bb250&Prime; screen_mobile_spacer_size=\u00a0\u00bb120&Prime;][\/vc_column][\/vc_row][vc_row][vc_column][dfd_spacer screen_wide_spacer_size=\u00a0\u00bb150&Prime; screen_normal_resolution=\u00a0\u00bb1200&Prime; screen_tablet_resolution=\u00a0\u00bb800&Prime; screen_mobile_resolution=\u00a0\u00bb480&Prime; screen_normal_spacer_size=\u00a0\u00bb100&Prime; screen_tablet_spacer_size=\u00a0\u00bb100&Prime; screen_mobile_spacer_size=\u00a0\u00bb80&Prime;][\/vc_column][\/vc_row][vc_row dfd_row_config=\u00a0\u00bbfull_width_content\u00a0\u00bb][vc_column width=\u00a0\u00bb1\/12&Prime;][\/vc_column][vc_column width=\u00a0\u00bb6\/12&Prime; dfd_column_responsive_enable=\u00a0\u00bbdfd-column-responsive-enable\u00a0\u00bb col_shadow=\u00a0\u00bbbox_shadow_enable:disable|shadow_horizontal:0|shadow_vertical:15|shadow_blur:50|shadow_spread:0|box_shadow_color:rgba(0%2C0%2C0%2C0.35)\u00a0\u00bb col_shadow_hover=\u00a0\u00bbbox_shadow_enable:disable|shadow_horizontal:0|shadow_vertical:15|shadow_blur:50|shadow_spread:0|box_shadow_color:rgba(0%2C0%2C0%2C0.35)\u00a0\u00bb responsive_styles=\u00a0\u00bbpadding_left_desktop:0|padding_left_tablet:0|padding_left_mobile:30|padding_right_mobile:30&Prime; el_class=\u00a0\u00bbtesto-descrizione\u00a0\u00bb css=\u00a0\u00bb.vc_custom_1591340648159{padding-left: 160px !important;}\u00a0\u00bb][vc_column_text css=\u00a0\u00bb.vc_custom_1591420935152{padding-bottom: 20px !important;}\u00a0\u00bb el_class=\u00a0\u00bbtitolo-sei\u00a0\u00bb]<\/p>\n<h1 class=\"p1\">Nev\u00e8re<\/h1>\n<p>[\/vc_column_text][vc_column_text]<\/p>\n<p class=\"p1\">De tout temps, le Monte Generoso a accueilli des zones de p\u00e2turage et, l\u2019\u00e9t\u00e9, on y rencontre souvent des vaches et des ch\u00e8vres. Mais l\u2019eau de source est rare et, jadis, il n\u2019\u00e9tait pas facile de conserver le lait au frais. Comme les r\u00e9frig\u00e9rateurs n\u2019existaient pas encore, les bergers ont invent\u00e9 les \u00abNev\u00e8re\u00bb, des sortes de glaci\u00e8res de pierre dont l\u2019usage s\u2019est poursuivi dans la Vall\u00e9e de Muggio jusqu\u2019\u00e0 la premi\u00e8re moiti\u00e9 du XXe si\u00e8cle. Durant l\u2019\u00e9t\u00e9, ces glaci\u00e8res permettaient de conserver le lait \u00e0 une temp\u00e9rature suffisamment fra\u00eeche en attendant qu\u2019il ne soit transform\u00e9 en beurre. Construit le long de la paroi interne, un \u00e9troit escalier en colima\u00e7on donnait acc\u00e8s au niveau de la neige.<\/p>\n<p>[\/vc_column_text][\/vc_column][vc_column width=\u00a0\u00bb1\/12&Prime;][\/vc_column][vc_column width=\u00a0\u00bb4\/12&Prime; dfd_column_responsive_enable=\u00a0\u00bbdfd-column-responsive-enable\u00a0\u00bb css=\u00a0\u00bb.vc_custom_1591340034224{padding-right: 100px !important;}\u00a0\u00bb col_shadow=\u00a0\u00bbbox_shadow_enable:disable|shadow_horizontal:0|shadow_vertical:15|shadow_blur:50|shadow_spread:0|box_shadow_color:rgba(0%2C0%2C0%2C0.35)\u00a0\u00bb col_shadow_hover=\u00a0\u00bbbox_shadow_enable:disable|shadow_horizontal:0|shadow_vertical:15|shadow_blur:50|shadow_spread:0|box_shadow_color:rgba(0%2C0%2C0%2C0.35)\u00a0\u00bb responsive_styles=\u00a0\u00bbpadding_right_desktop:30|padding_right_tablet:30|padding_left_mobile:120|padding_right_mobile:30&Prime;][dfd_spacer screen_wide_spacer_size=\u00a0\u00bb200&Prime; screen_normal_resolution=\u00a0\u00bb1024&Prime; screen_tablet_resolution=\u00a0\u00bb800&Prime; screen_mobile_resolution=\u00a0\u00bb480&Prime; screen_normal_spacer_size=\u00a0\u00bb200&Prime; screen_tablet_spacer_size=\u00a0\u00bb60&Prime; screen_mobile_spacer_size=\u00a0\u00bb40&Prime;][dfd_single_image enable_retina=\u00a0\u00bb\u00a0\u00bb image_alignment=\u00a0\u00bbimage-left\u00a0\u00bb image=\u00a0\u00bb29071&Prime; el_class=\u00a0\u00bbfoto-rotonda\u00a0\u00bb][\/vc_column][\/vc_row][vc_row][vc_column][dfd_spacer screen_wide_spacer_size=\u00a0\u00bb200&Prime; screen_normal_resolution=\u00a0\u00bb1024&Prime; screen_tablet_resolution=\u00a0\u00bb800&Prime; screen_mobile_resolution=\u00a0\u00bb480&Prime; screen_normal_spacer_size=\u00a0\u00bb150&Prime; screen_tablet_spacer_size=\u00a0\u00bb100&Prime; screen_mobile_spacer_size=\u00a0\u00bb100&Prime;][\/vc_column][\/vc_row][vc_row force_equal_height_columns=\u00a0\u00bbmain_row\u00a0\u00bb bg_check=\u00a0\u00bbrow-background-dark\u00a0\u00bb][vc_column width=\u00a0\u00bb2\/3&Prime; css=\u00a0\u00bb.vc_custom_1591421309963{background-image: url(https:\/\/laregionedascoprire.ch\/wp-content\/uploads\/2020\/06\/laregionedascoprire_video_nevere.jpg?id=29073) !important;background-position: center !important;background-repeat: no-repeat !important;background-size: cover !important;}\u00a0\u00bb col_shadow=\u00a0\u00bbbox_shadow_enable:disable|shadow_horizontal:0|shadow_vertical:15|shadow_blur:50|shadow_spread:0|box_shadow_color:rgba(0%2C0%2C0%2C0.35)\u00a0\u00bb col_shadow_hover=\u00a0\u00bbbox_shadow_enable:disable|shadow_horizontal:0|shadow_vertical:15|shadow_blur:50|shadow_spread:0|box_shadow_color:rgba(0%2C0%2C0%2C0.35)\u00a0\u00bb][dfd_spacer screen_wide_spacer_size=\u00a0\u00bb200&Prime; screen_normal_resolution=\u00a0\u00bb1024&Prime; screen_tablet_resolution=\u00a0\u00bb800&Prime; screen_mobile_resolution=\u00a0\u00bb480&Prime; screen_normal_spacer_size=\u00a0\u00bb200&Prime; screen_tablet_spacer_size=\u00a0\u00bb150&Prime; screen_mobile_spacer_size=\u00a0\u00bb60&Prime;][dfd_videoplayer title=\u00a0\u00bb\u00a0\u00bb subtitle=\u00a0\u00bb\u00a0\u00bb video_link=\u00a0\u00bbhttps:\/\/vimeo.com\/277051253&Prime; main_border=\u00a0\u00bbborder_style:solid|border_width:3|border_radius:60|border_color:%23ffffff\u00a0\u00bb main_border_hover=\u00a0\u00bbborder_style:solid|border_width:3|border_radius:60|border_color:%23ffffff\u00a0\u00bb main_style=\u00a0\u00bbstyle-2&Prime; main_background=\u00a0\u00bbrgba(255,255,255,0.01)\u00a0\u00bb main_background_hover=\u00a0\u00bbrgba(255,255,255,0.01)\u00a0\u00bb icon_color=\u00a0\u00bb#ffffff\u00a0\u00bb icon_hover_color=\u00a0\u00bb#ffffff\u00a0\u00bb icon_background=\u00a0\u00bbrgba(255,255,255,0.01)\u00a0\u00bb icon_hover_background=\u00a0\u00bbrgba(255,255,255,0.01)\u00a0\u00bb icon_bg_size=\u00a0\u00bb120&Prime; icon_font_size=\u00a0\u00bb70&Prime;][dfd_spacer screen_wide_spacer_size=\u00a0\u00bb200&Prime; screen_normal_resolution=\u00a0\u00bb1024&Prime; screen_tablet_resolution=\u00a0\u00bb800&Prime; screen_mobile_resolution=\u00a0\u00bb480&Prime; screen_normal_spacer_size=\u00a0\u00bb200&Prime; screen_tablet_spacer_size=\u00a0\u00bb150&Prime; screen_mobile_spacer_size=\u00a0\u00bb60&Prime;][\/vc_column][vc_column width=\u00a0\u00bb1\/3&Prime; css=\u00a0\u00bb.vc_custom_1591420942249{padding-top: 60px !important;padding-right: 30px !important;padding-bottom: 60px !important;padding-left: 30px !important;background-color: #4bb9dc !important;}\u00a0\u00bb col_shadow=\u00a0\u00bbbox_shadow_enable:disable|shadow_horizontal:0|shadow_vertical:15|shadow_blur:50|shadow_spread:0|box_shadow_color:rgba(0%2C0%2C0%2C0.35)\u00a0\u00bb col_shadow_hover=\u00a0\u00bbbox_shadow_enable:disable|shadow_horizontal:0|shadow_vertical:15|shadow_blur:50|shadow_spread:0|box_shadow_color:rgba(0%2C0%2C0%2C0.35)\u00a0\u00bb][vc_column_text css=\u00a0\u00bb.vc_custom_1591701639660{padding-bottom: 20px !important;}\u00a0\u00bb]<\/p>\n<h1 class=\"p1\"><strong>Les \u00abcabanes\u00bb du froid<\/strong><\/h1>\n<p>[\/vc_column_text][vc_column_text]<\/p>\n<p class=\"p1\">De tout temps, le Monte Generoso a accueilli des zones de p\u00e2turage et, l\u2019\u00e9t\u00e9, on y rencontre souvent des vaches et des ch\u00e8vres. Mais l\u2019eau de source est rare et, jadis, il n\u2019\u00e9tait pas facile de conserver le lait au frais. Comme les r\u00e9frig\u00e9rateurs n\u2019existaient pas encore, les bergers ont invent\u00e9 les \u00abNev\u00e8re\u00bb, des sortes de glaci\u00e8res de pierre dont l\u2019usage s\u2019est poursuivi dans la Vall\u00e9e de Muggio jusqu\u2019\u00e0 la premi\u00e8re moiti\u00e9 du XXe si\u00e8cle. Durant l\u2019\u00e9t\u00e9, ces glaci\u00e8res permettaient de conserver le lait \u00e0 une temp\u00e9rature suffisamment fra\u00eeche en attendant qu\u2019il ne soit transform\u00e9 en beurre. Construit le long de la paroi interne, un \u00e9troit escalier en colima\u00e7on donnait acc\u00e8s au niveau de la neige.<\/p>\n<p>[\/vc_column_text][\/vc_column][\/vc_row][vc_row][vc_column][dfd_spacer screen_wide_spacer_size=\u00a0\u00bb100&Prime; screen_normal_resolution=\u00a0\u00bb1024&Prime; screen_tablet_resolution=\u00a0\u00bb800&Prime; screen_mobile_resolution=\u00a0\u00bb480&Prime; screen_normal_spacer_size=\u00a0\u00bb80&Prime; screen_tablet_spacer_size=\u00a0\u00bb60&Prime; screen_mobile_spacer_size=\u00a0\u00bb60&Prime;][\/vc_column][\/vc_row][vc_row][vc_column dfd_column_responsive_enable=\u00a0\u00bbdfd-column-responsive-enable\u00a0\u00bb col_shadow=\u00a0\u00bbbox_shadow_enable:disable|shadow_horizontal:0|shadow_vertical:15|shadow_blur:50|shadow_spread:0|box_shadow_color:rgba(0%2C0%2C0%2C0.35)\u00a0\u00bb col_shadow_hover=\u00a0\u00bbbox_shadow_enable:disable|shadow_horizontal:0|shadow_vertical:15|shadow_blur:50|shadow_spread:0|box_shadow_color:rgba(0%2C0%2C0%2C0.35)\u00a0\u00bb responsive_styles=\u00a0\u00bbpadding_right_desktop:30|padding_right_tablet:30|padding_right_mobile:30&Prime;][dfd_icon_list icon_align=\u00a0\u00bbicon-right\u00a0\u00bb list_fields=\u00a0\u00bb%5B%7B%22icon_type%22%3A%22selector%22%2C%22select_icon%22%3A%22dfd_icons%22%2C%22ic_dfd_icons%22%3A%22dfd-socicon-arrow-right%22%2C%22text_content%22%3A%22Prochaine%20exp%C3%A9rience%22%2C%22link_box%22%3A%22link_b%22%2C%22link%22%3A%22url%3Ahttps%253A%252F%252Fwww.laregionedascoprire.ch%252Ffr%252Froute-du-ciment%252F%7C%7C%7C%22%7D%5D\u00a0\u00bb icon_border=\u00a0\u00bbborder_style:solid|border_top_width:2|border_bottom_width:2|border_left_width:2|border_right_width:2|border_radius:20|border_color:%234bb9dc\u00a0\u00bb main_style=\u00a0\u00bbstyle-1&Prime; icon_size=\u00a0\u00bb20&Prime; icon_color=\u00a0\u00bb#4bb9dc\u00a0\u00bb icon_margin=\u00a0\u00bb15&Prime; font_options=\u00a0\u00bbtag:div|font_size:18|color:%23000000|letter_spacing:0&Prime; use_google_fonts=\u00a0\u00bbyes\u00a0\u00bb custom_fonts=\u00a0\u00bbfont_family:Montserrat%3Aregular%2C700|font_style:700%20bold%20regular%3A700%3Anormal\u00a0\u00bb tutorials=\u00a0\u00bb\u00a0\u00bb][\/vc_column][\/vc_row][vc_row][vc_column][dfd_spacer screen_wide_spacer_size=\u00a0\u00bb200&Prime; screen_normal_resolution=\u00a0\u00bb1024&Prime; screen_tablet_resolution=\u00a0\u00bb800&Prime; screen_mobile_resolution=\u00a0\u00bb480&Prime; screen_normal_spacer_size=\u00a0\u00bb150&Prime; screen_tablet_spacer_size=\u00a0\u00bb100&Prime; screen_mobile_spacer_size=\u00a0\u00bb100&Prime;][\/vc_column][\/vc_row]<\/p>\n<\/div>","protected":false},"excerpt":{"rendered":"<p>[vc_row dfd_row_config=\u00a0\u00bbfull_width_content\u00a0\u00bb css=\u00a0\u00bb.vc_custom_1591421327569{background-image: url(https:\/\/laregionedascoprire.ch\/wp-content\/uploads\/2020\/06\/laregionedascoprire_principale_nevere.jpg?id=29072) !important;background-position: center !important;background-repeat: no-repeat !important;background-size: cover !important;}\u00a0\u00bb][vc_column][dfd_spacer screen_wide_spacer_size=\u00a0\u00bb400&Prime; screen_normal_resolution=\u00a0\u00bb1200&Prime; screen_tablet_resolution=\u00a0\u00bb800&Prime; screen_mobile_resolution=\u00a0\u00bb480&Prime; screen_normal_spacer_size=\u00a0\u00bb200&Prime; screen_tablet_spacer_size=\u00a0\u00bb250&Prime; screen_mobile_spacer_size=\u00a0\u00bb120&Prime;][dfd_videoplayer title=\u00a0\u00bb\u00a0\u00bb subtitle=\u00a0\u00bb\u00a0\u00bb video_link=\u00a0\u00bbhttps:\/\/vimeo.com\/258787150&Prime; main_border=\u00a0\u00bbborder_style:solid|border_width:3|border_radius:60|border_color:%23ffffff\u00a0\u00bb main_border_hover=\u00a0\u00bbborder_style:solid|border_width:3|border_radius:60|border_color:%23ffffff\u00a0\u00bb main_style=\u00a0\u00bbstyle-2&Prime; main_background=\u00a0\u00bbrgba(255,255,255,0.01)\u00a0\u00bb main_background_hover=\u00a0\u00bbrgba(255,255,255,0.01)\u00a0\u00bb icon_color=\u00a0\u00bb#ffffff\u00a0\u00bb icon_hover_color=\u00a0\u00bb#ffffff\u00a0\u00bb icon_background=\u00a0\u00bbrgba(255,255,255,0.01)\u00a0\u00bb icon_hover_background=\u00a0\u00bbrgba(255,255,255,0.01)\u00a0\u00bb<\/p>\n","protected":false},"author":1,"featured_media":0,"parent":0,"menu_order":0,"comment_status":"closed","ping_status":"closed","template":"tmp-page.php","meta":{"inline_featured_image":false,"footnotes":""},"class_list":["post-29809","page","type-page","status-publish","hentry"],"yoast_head":"<!-- This site is optimized with the Yoast SEO plugin v26.9 - https:\/\/yoast.com\/product\/yoast-seo-wordpress\/ -->\n<title>nev\u00e8re - La regione da scoprire<\/title>\n<meta name=\"robots\" content=\"index, follow, max-snippet:-1, max-image-preview:large, max-video-preview:-1\" \/>\n<link rel=\"canonical\" href=\"https:\/\/www.laregionedascoprire.ch\/fr\/nevere\/\" \/>\n<meta property=\"og:locale\" content=\"fr_FR\" \/>\n<meta property=\"og:type\" content=\"article\" \/>\n<meta property=\"og:title\" content=\"nev\u00e8re - La regione da scoprire\" \/>\n<meta property=\"og:description\" content=\"[vc_row dfd_row_config=\u00a0\u00bbfull_width_content\u00a0\u00bb css=\u00a0\u00bb.vc_custom_1591421327569{background-image: url(https:\/\/laregionedascoprire.ch\/wp-content\/uploads\/2020\/06\/laregionedascoprire_principale_nevere.jpg?id=29072) !important;background-position: center !important;background-repeat: no-repeat !important;background-size: cover !important;}\u00a0\u00bb][vc_column][dfd_spacer screen_wide_spacer_size=\u00a0\u00bb400&Prime; screen_normal_resolution=\u00a0\u00bb1200&Prime; screen_tablet_resolution=\u00a0\u00bb800&Prime; screen_mobile_resolution=\u00a0\u00bb480&Prime; screen_normal_spacer_size=\u00a0\u00bb200&Prime; screen_tablet_spacer_size=\u00a0\u00bb250&Prime; screen_mobile_spacer_size=\u00a0\u00bb120&Prime;][dfd_videoplayer title=\u00a0\u00bb\u00a0\u00bb subtitle=\u00a0\u00bb\u00a0\u00bb video_link=\u00a0\u00bbhttps:\/\/vimeo.com\/258787150&Prime; main_border=\u00a0\u00bbborder_style:solid|border_width:3|border_radius:60|border_color:%23ffffff\u00a0\u00bb main_border_hover=\u00a0\u00bbborder_style:solid|border_width:3|border_radius:60|border_color:%23ffffff\u00a0\u00bb main_style=\u00a0\u00bbstyle-2&Prime; main_background=\u00a0\u00bbrgba(255,255,255,0.01)\u00a0\u00bb main_background_hover=\u00a0\u00bbrgba(255,255,255,0.01)\u00a0\u00bb icon_color=\u00a0\u00bb#ffffff\u00a0\u00bb icon_hover_color=\u00a0\u00bb#ffffff\u00a0\u00bb icon_background=\u00a0\u00bbrgba(255,255,255,0.01)\u00a0\u00bb icon_hover_background=\u00a0\u00bbrgba(255,255,255,0.01)\u00a0\u00bb\" \/>\n<meta property=\"og:url\" content=\"https:\/\/www.laregionedascoprire.ch\/fr\/nevere\/\" \/>\n<meta property=\"og:site_name\" content=\"La regione da scoprire\" \/>\n<meta property=\"article:modified_time\" content=\"2020-07-02T12:12:30+00:00\" \/>\n<meta name=\"twitter:card\" content=\"summary_large_image\" \/>\n<meta name=\"twitter:label1\" content=\"Dur\u00e9e de lecture estim\u00e9e\" \/>\n\t<meta name=\"twitter:data1\" content=\"6 minutes\" \/>\n<script type=\"application\/ld+json\" class=\"yoast-schema-graph\">{\"@context\":\"https:\/\/schema.org\",\"@graph\":[{\"@type\":\"WebPage\",\"@id\":\"https:\/\/www.laregionedascoprire.ch\/fr\/nevere\/\",\"url\":\"https:\/\/www.laregionedascoprire.ch\/fr\/nevere\/\",\"name\":\"nev\u00e8re - La regione da scoprire\",\"isPartOf\":{\"@id\":\"https:\/\/www.laregionedascoprire.ch\/fr\/#website\"},\"datePublished\":\"2020-06-30T09:42:18+00:00\",\"dateModified\":\"2020-07-02T12:12:30+00:00\",\"breadcrumb\":{\"@id\":\"https:\/\/www.laregionedascoprire.ch\/fr\/nevere\/#breadcrumb\"},\"inLanguage\":\"fr-FR\",\"potentialAction\":[{\"@type\":\"ReadAction\",\"target\":[\"https:\/\/www.laregionedascoprire.ch\/fr\/nevere\/\"]}]},{\"@type\":\"BreadcrumbList\",\"@id\":\"https:\/\/www.laregionedascoprire.ch\/fr\/nevere\/#breadcrumb\",\"itemListElement\":[{\"@type\":\"ListItem\",\"position\":1,\"name\":\"Home\",\"item\":\"https:\/\/www.laregionedascoprire.ch\/fr\/\"},{\"@type\":\"ListItem\",\"position\":2,\"name\":\"nev\u00e8re\"}]},{\"@type\":\"WebSite\",\"@id\":\"https:\/\/www.laregionedascoprire.ch\/fr\/#website\",\"url\":\"https:\/\/www.laregionedascoprire.ch\/fr\/\",\"name\":\"La regione da scoprire\",\"description\":\"Morsetta\",\"publisher\":{\"@id\":\"https:\/\/www.laregionedascoprire.ch\/fr\/#organization\"},\"potentialAction\":[{\"@type\":\"SearchAction\",\"target\":{\"@type\":\"EntryPoint\",\"urlTemplate\":\"https:\/\/www.laregionedascoprire.ch\/fr\/?s={search_term_string}\"},\"query-input\":{\"@type\":\"PropertyValueSpecification\",\"valueRequired\":true,\"valueName\":\"search_term_string\"}}],\"inLanguage\":\"fr-FR\"},{\"@type\":\"Organization\",\"@id\":\"https:\/\/www.laregionedascoprire.ch\/fr\/#organization\",\"name\":\"laregionedascoprire\",\"url\":\"https:\/\/www.laregionedascoprire.ch\/fr\/\",\"logo\":{\"@type\":\"ImageObject\",\"inLanguage\":\"fr-FR\",\"@id\":\"https:\/\/www.laregionedascoprire.ch\/fr\/#\/schema\/logo\/image\/\",\"url\":\"https:\/\/www.laregionedascoprire.ch\/wp-content\/uploads\/2020\/06\/morsetta_logo.png\",\"contentUrl\":\"https:\/\/www.laregionedascoprire.ch\/wp-content\/uploads\/2020\/06\/morsetta_logo.png\",\"width\":145,\"height\":208,\"caption\":\"laregionedascoprire\"},\"image\":{\"@id\":\"https:\/\/www.laregionedascoprire.ch\/fr\/#\/schema\/logo\/image\/\"}}]}<\/script>\n<!-- \/ Yoast SEO plugin. -->","yoast_head_json":{"title":"nev\u00e8re - La regione da scoprire","robots":{"index":"index","follow":"follow","max-snippet":"max-snippet:-1","max-image-preview":"max-image-preview:large","max-video-preview":"max-video-preview:-1"},"canonical":"https:\/\/www.laregionedascoprire.ch\/fr\/nevere\/","og_locale":"fr_FR","og_type":"article","og_title":"nev\u00e8re - La regione da scoprire","og_description":"[vc_row dfd_row_config=\u00a0\u00bbfull_width_content\u00a0\u00bb css=\u00a0\u00bb.vc_custom_1591421327569{background-image: url(https:\/\/laregionedascoprire.ch\/wp-content\/uploads\/2020\/06\/laregionedascoprire_principale_nevere.jpg?id=29072) !important;background-position: center !important;background-repeat: no-repeat !important;background-size: cover !important;}\u00a0\u00bb][vc_column][dfd_spacer screen_wide_spacer_size=\u00a0\u00bb400&Prime; screen_normal_resolution=\u00a0\u00bb1200&Prime; screen_tablet_resolution=\u00a0\u00bb800&Prime; screen_mobile_resolution=\u00a0\u00bb480&Prime; screen_normal_spacer_size=\u00a0\u00bb200&Prime; screen_tablet_spacer_size=\u00a0\u00bb250&Prime; screen_mobile_spacer_size=\u00a0\u00bb120&Prime;][dfd_videoplayer title=\u00a0\u00bb\u00a0\u00bb subtitle=\u00a0\u00bb\u00a0\u00bb video_link=\u00a0\u00bbhttps:\/\/vimeo.com\/258787150&Prime; main_border=\u00a0\u00bbborder_style:solid|border_width:3|border_radius:60|border_color:%23ffffff\u00a0\u00bb main_border_hover=\u00a0\u00bbborder_style:solid|border_width:3|border_radius:60|border_color:%23ffffff\u00a0\u00bb main_style=\u00a0\u00bbstyle-2&Prime; main_background=\u00a0\u00bbrgba(255,255,255,0.01)\u00a0\u00bb main_background_hover=\u00a0\u00bbrgba(255,255,255,0.01)\u00a0\u00bb icon_color=\u00a0\u00bb#ffffff\u00a0\u00bb icon_hover_color=\u00a0\u00bb#ffffff\u00a0\u00bb icon_background=\u00a0\u00bbrgba(255,255,255,0.01)\u00a0\u00bb icon_hover_background=\u00a0\u00bbrgba(255,255,255,0.01)\u00a0\u00bb","og_url":"https:\/\/www.laregionedascoprire.ch\/fr\/nevere\/","og_site_name":"La regione da scoprire","article_modified_time":"2020-07-02T12:12:30+00:00","twitter_card":"summary_large_image","twitter_misc":{"Dur\u00e9e de lecture estim\u00e9e":"6 minutes"},"schema":{"@context":"https:\/\/schema.org","@graph":[{"@type":"WebPage","@id":"https:\/\/www.laregionedascoprire.ch\/fr\/nevere\/","url":"https:\/\/www.laregionedascoprire.ch\/fr\/nevere\/","name":"nev\u00e8re - La regione da scoprire","isPartOf":{"@id":"https:\/\/www.laregionedascoprire.ch\/fr\/#website"},"datePublished":"2020-06-30T09:42:18+00:00","dateModified":"2020-07-02T12:12:30+00:00","breadcrumb":{"@id":"https:\/\/www.laregionedascoprire.ch\/fr\/nevere\/#breadcrumb"},"inLanguage":"fr-FR","potentialAction":[{"@type":"ReadAction","target":["https:\/\/www.laregionedascoprire.ch\/fr\/nevere\/"]}]},{"@type":"BreadcrumbList","@id":"https:\/\/www.laregionedascoprire.ch\/fr\/nevere\/#breadcrumb","itemListElement":[{"@type":"ListItem","position":1,"name":"Home","item":"https:\/\/www.laregionedascoprire.ch\/fr\/"},{"@type":"ListItem","position":2,"name":"nev\u00e8re"}]},{"@type":"WebSite","@id":"https:\/\/www.laregionedascoprire.ch\/fr\/#website","url":"https:\/\/www.laregionedascoprire.ch\/fr\/","name":"La regione da scoprire","description":"Morsetta","publisher":{"@id":"https:\/\/www.laregionedascoprire.ch\/fr\/#organization"},"potentialAction":[{"@type":"SearchAction","target":{"@type":"EntryPoint","urlTemplate":"https:\/\/www.laregionedascoprire.ch\/fr\/?s={search_term_string}"},"query-input":{"@type":"PropertyValueSpecification","valueRequired":true,"valueName":"search_term_string"}}],"inLanguage":"fr-FR"},{"@type":"Organization","@id":"https:\/\/www.laregionedascoprire.ch\/fr\/#organization","name":"laregionedascoprire","url":"https:\/\/www.laregionedascoprire.ch\/fr\/","logo":{"@type":"ImageObject","inLanguage":"fr-FR","@id":"https:\/\/www.laregionedascoprire.ch\/fr\/#\/schema\/logo\/image\/","url":"https:\/\/www.laregionedascoprire.ch\/wp-content\/uploads\/2020\/06\/morsetta_logo.png","contentUrl":"https:\/\/www.laregionedascoprire.ch\/wp-content\/uploads\/2020\/06\/morsetta_logo.png","width":145,"height":208,"caption":"laregionedascoprire"},"image":{"@id":"https:\/\/www.laregionedascoprire.ch\/fr\/#\/schema\/logo\/image\/"}}]}},"_links":{"self":[{"href":"https:\/\/www.laregionedascoprire.ch\/fr\/wp-json\/wp\/v2\/pages\/29809","targetHints":{"allow":["GET"]}}],"collection":[{"href":"https:\/\/www.laregionedascoprire.ch\/fr\/wp-json\/wp\/v2\/pages"}],"about":[{"href":"https:\/\/www.laregionedascoprire.ch\/fr\/wp-json\/wp\/v2\/types\/page"}],"author":[{"embeddable":true,"href":"https:\/\/www.laregionedascoprire.ch\/fr\/wp-json\/wp\/v2\/users\/1"}],"replies":[{"embeddable":true,"href":"https:\/\/www.laregionedascoprire.ch\/fr\/wp-json\/wp\/v2\/comments?post=29809"}],"version-history":[{"count":3,"href":"https:\/\/www.laregionedascoprire.ch\/fr\/wp-json\/wp\/v2\/pages\/29809\/revisions"}],"predecessor-version":[{"id":29941,"href":"https:\/\/www.laregionedascoprire.ch\/fr\/wp-json\/wp\/v2\/pages\/29809\/revisions\/29941"}],"wp:attachment":[{"href":"https:\/\/www.laregionedascoprire.ch\/fr\/wp-json\/wp\/v2\/media?parent=29809"}],"curies":[{"name":"wp","href":"https:\/\/api.w.org\/{rel}","templated":true}]}}