{"id":29811,"date":"2020-06-30T11:45:10","date_gmt":"2020-06-30T09:45:10","guid":{"rendered":"https:\/\/www.laregionedascoprire.ch\/nevere\/"},"modified":"2020-07-02T14:15:28","modified_gmt":"2020-07-02T12:15:28","slug":"nevere","status":"publish","type":"page","link":"https:\/\/www.laregionedascoprire.ch\/de\/nevere\/","title":{"rendered":"nev\u00e8re"},"content":{"rendered":"<div class=\"wpb-content-wrapper\"><p>[vc_row dfd_row_config=&#8220;full_width_content&#8220; css=&#8220;.vc_custom_1591421327569{background-image: url(https:\/\/laregionedascoprire.ch\/wp-content\/uploads\/2020\/06\/laregionedascoprire_principale_nevere.jpg?id=29072) !important;background-position: center !important;background-repeat: no-repeat !important;background-size: cover !important;}&#8220;][vc_column][dfd_spacer screen_wide_spacer_size=&#8220;400&#8243; screen_normal_resolution=&#8220;1200&#8243; screen_tablet_resolution=&#8220;800&#8243; screen_mobile_resolution=&#8220;480&#8243; screen_normal_spacer_size=&#8220;200&#8243; screen_tablet_spacer_size=&#8220;250&#8243; screen_mobile_spacer_size=&#8220;120&#8243;][dfd_videoplayer title=&#8220;&#8220; subtitle=&#8220;&#8220; video_link=&#8220;https:\/\/vimeo.com\/258787029&#8243; main_border=&#8220;border_style:solid|border_width:3|border_radius:60|border_color:%23ffffff&#8220; main_border_hover=&#8220;border_style:solid|border_width:3|border_radius:60|border_color:%23ffffff&#8220; main_style=&#8220;style-2&#8243; main_background=&#8220;rgba(255,255,255,0.01)&#8220; main_background_hover=&#8220;rgba(255,255,255,0.01)&#8220; icon_color=&#8220;#ffffff&#8220; icon_hover_color=&#8220;#ffffff&#8220; icon_background=&#8220;rgba(255,255,255,0.01)&#8220; icon_hover_background=&#8220;rgba(255,255,255,0.01)&#8220; icon_bg_size=&#8220;120&#8243; icon_font_size=&#8220;70&#8243;][dfd_spacer screen_wide_spacer_size=&#8220;400&#8243; screen_normal_resolution=&#8220;1200&#8243; screen_tablet_resolution=&#8220;800&#8243; screen_mobile_resolution=&#8220;480&#8243; screen_normal_spacer_size=&#8220;200&#8243; screen_tablet_spacer_size=&#8220;250&#8243; screen_mobile_spacer_size=&#8220;120&#8243;][\/vc_column][\/vc_row][vc_row][vc_column][dfd_spacer screen_wide_spacer_size=&#8220;150&#8243; screen_normal_resolution=&#8220;1200&#8243; screen_tablet_resolution=&#8220;800&#8243; screen_mobile_resolution=&#8220;480&#8243; screen_normal_spacer_size=&#8220;100&#8243; screen_tablet_spacer_size=&#8220;100&#8243; screen_mobile_spacer_size=&#8220;80&#8243;][\/vc_column][\/vc_row][vc_row dfd_row_config=&#8220;full_width_content&#8220;][vc_column width=&#8220;1\/12&#8243;][\/vc_column][vc_column width=&#8220;6\/12&#8243; dfd_column_responsive_enable=&#8220;dfd-column-responsive-enable&#8220; col_shadow=&#8220;box_shadow_enable:disable|shadow_horizontal:0|shadow_vertical:15|shadow_blur:50|shadow_spread:0|box_shadow_color:rgba(0%2C0%2C0%2C0.35)&#8220; col_shadow_hover=&#8220;box_shadow_enable:disable|shadow_horizontal:0|shadow_vertical:15|shadow_blur:50|shadow_spread:0|box_shadow_color:rgba(0%2C0%2C0%2C0.35)&#8220; responsive_styles=&#8220;padding_left_desktop:0|padding_left_tablet:0|padding_left_mobile:30|padding_right_mobile:30&#8243; el_class=&#8220;testo-descrizione&#8220; css=&#8220;.vc_custom_1591340648159{padding-left: 160px !important;}&#8220;][vc_column_text css=&#8220;.vc_custom_1591420935152{padding-bottom: 20px !important;}&#8220; el_class=&#8220;titolo-sei&#8220;]<\/p>\n<h1 class=\"p1\">Nev\u00e8re<\/h1>\n<p>[\/vc_column_text][vc_column_text]<\/p>\n<p class=\"p1\">Auf dem Monte Generoso gab es schon immer Weidefl\u00e4chen, auf denen viele Ku?he und Ziegen den Sommer verbrachten. Aber Quellwasser ist kaum vorhanden, und in fr\u00fcheren Zeiten war das Konservieren der Rohmilch schwierig. Ger\u00e4te wie K\u00fchlschr\u00e4nke gab es nicht, und so haben die Sch\u00e4fer die Nev\u00e8re erfunden. Im Muggiotal wurden sie noch bis zur ersten H\u00e4lfte des 20. Jahrhunderts genutzt. W\u00e4hrend des Sommers konnte so die Milch bis zu ihrer Weiterverarbeitung zu Butter bei einer ausreichend niedrigen Temperatur konserviert werden. \u00dcber eine enge Wendeltreppe entlang der Innenwand gelangte man auf das Niveau des Schnees.<\/p>\n<p>[\/vc_column_text][\/vc_column][vc_column width=&#8220;1\/12&#8243;][\/vc_column][vc_column width=&#8220;4\/12&#8243; dfd_column_responsive_enable=&#8220;dfd-column-responsive-enable&#8220; css=&#8220;.vc_custom_1591340034224{padding-right: 100px !important;}&#8220; col_shadow=&#8220;box_shadow_enable:disable|shadow_horizontal:0|shadow_vertical:15|shadow_blur:50|shadow_spread:0|box_shadow_color:rgba(0%2C0%2C0%2C0.35)&#8220; col_shadow_hover=&#8220;box_shadow_enable:disable|shadow_horizontal:0|shadow_vertical:15|shadow_blur:50|shadow_spread:0|box_shadow_color:rgba(0%2C0%2C0%2C0.35)&#8220; responsive_styles=&#8220;padding_right_desktop:30|padding_right_tablet:30|padding_left_mobile:120|padding_right_mobile:30&#8243;][dfd_spacer screen_wide_spacer_size=&#8220;200&#8243; screen_normal_resolution=&#8220;1024&#8243; screen_tablet_resolution=&#8220;800&#8243; screen_mobile_resolution=&#8220;480&#8243; screen_normal_spacer_size=&#8220;200&#8243; screen_tablet_spacer_size=&#8220;60&#8243; screen_mobile_spacer_size=&#8220;40&#8243;][dfd_single_image enable_retina=&#8220;&#8220; image_alignment=&#8220;image-left&#8220; image=&#8220;29071&#8243; el_class=&#8220;foto-rotonda&#8220;][\/vc_column][\/vc_row][vc_row][vc_column][dfd_spacer screen_wide_spacer_size=&#8220;200&#8243; screen_normal_resolution=&#8220;1024&#8243; screen_tablet_resolution=&#8220;800&#8243; screen_mobile_resolution=&#8220;480&#8243; screen_normal_spacer_size=&#8220;150&#8243; screen_tablet_spacer_size=&#8220;100&#8243; screen_mobile_spacer_size=&#8220;100&#8243;][\/vc_column][\/vc_row][vc_row force_equal_height_columns=&#8220;main_row&#8220; bg_check=&#8220;row-background-dark&#8220;][vc_column width=&#8220;2\/3&#8243; css=&#8220;.vc_custom_1591421309963{background-image: url(https:\/\/laregionedascoprire.ch\/wp-content\/uploads\/2020\/06\/laregionedascoprire_video_nevere.jpg?id=29073) !important;background-position: center !important;background-repeat: no-repeat !important;background-size: cover !important;}&#8220; col_shadow=&#8220;box_shadow_enable:disable|shadow_horizontal:0|shadow_vertical:15|shadow_blur:50|shadow_spread:0|box_shadow_color:rgba(0%2C0%2C0%2C0.35)&#8220; col_shadow_hover=&#8220;box_shadow_enable:disable|shadow_horizontal:0|shadow_vertical:15|shadow_blur:50|shadow_spread:0|box_shadow_color:rgba(0%2C0%2C0%2C0.35)&#8220;][dfd_spacer screen_wide_spacer_size=&#8220;200&#8243; screen_normal_resolution=&#8220;1024&#8243; screen_tablet_resolution=&#8220;800&#8243; screen_mobile_resolution=&#8220;480&#8243; screen_normal_spacer_size=&#8220;200&#8243; screen_tablet_spacer_size=&#8220;150&#8243; screen_mobile_spacer_size=&#8220;60&#8243;][dfd_videoplayer title=&#8220;&#8220; subtitle=&#8220;&#8220; video_link=&#8220;https:\/\/vimeo.com\/277051253&#8243; main_border=&#8220;border_style:solid|border_width:3|border_radius:60|border_color:%23ffffff&#8220; main_border_hover=&#8220;border_style:solid|border_width:3|border_radius:60|border_color:%23ffffff&#8220; main_style=&#8220;style-2&#8243; main_background=&#8220;rgba(255,255,255,0.01)&#8220; main_background_hover=&#8220;rgba(255,255,255,0.01)&#8220; icon_color=&#8220;#ffffff&#8220; icon_hover_color=&#8220;#ffffff&#8220; icon_background=&#8220;rgba(255,255,255,0.01)&#8220; icon_hover_background=&#8220;rgba(255,255,255,0.01)&#8220; icon_bg_size=&#8220;120&#8243; icon_font_size=&#8220;70&#8243;][dfd_spacer screen_wide_spacer_size=&#8220;200&#8243; screen_normal_resolution=&#8220;1024&#8243; screen_tablet_resolution=&#8220;800&#8243; screen_mobile_resolution=&#8220;480&#8243; screen_normal_spacer_size=&#8220;200&#8243; screen_tablet_spacer_size=&#8220;150&#8243; screen_mobile_spacer_size=&#8220;60&#8243;][\/vc_column][vc_column width=&#8220;1\/3&#8243; css=&#8220;.vc_custom_1591420942249{padding-top: 60px !important;padding-right: 30px !important;padding-bottom: 60px !important;padding-left: 30px !important;background-color: #4bb9dc !important;}&#8220; col_shadow=&#8220;box_shadow_enable:disable|shadow_horizontal:0|shadow_vertical:15|shadow_blur:50|shadow_spread:0|box_shadow_color:rgba(0%2C0%2C0%2C0.35)&#8220; col_shadow_hover=&#8220;box_shadow_enable:disable|shadow_horizontal:0|shadow_vertical:15|shadow_blur:50|shadow_spread:0|box_shadow_color:rgba(0%2C0%2C0%2C0.35)&#8220;][vc_column_text css=&#8220;.vc_custom_1591701639660{padding-bottom: 20px !important;}&#8220;]<\/p>\n<h1 class=\"p1\"><strong>Die \u201cK\u00fchlzellen\u201d<\/strong><\/h1>\n<p>[\/vc_column_text][vc_column_text]<\/p>\n<p class=\"p1\">Auf dem Monte Generoso gab es schon immer Weidefl\u00e4chen, auf denen viele Ku?he und Ziegen den Sommer verbrachten. Aber Quellwasser ist kaum vorhanden, und in fr\u00fcheren Zeiten war das Konservieren der Rohmilch schwierig. Ger\u00e4te wie K\u00fchlschr\u00e4nke gab es nicht, und so haben die Sch\u00e4fer die Nev\u00e8re erfunden. Im Muggiotal wurden sie noch bis zur ersten H\u00e4lfte des 20. Jahrhunderts genutzt. W\u00e4hrend des Sommers konnte so die Milch bis zu ihrer Weiterverarbeitung zu Butter bei einer ausreichend niedrigen Temperatur konserviert werden. \u00dcber eine enge Wendeltreppe entlang der Innenwand gelangte man auf das Niveau des Schnees.<\/p>\n<p>[\/vc_column_text][\/vc_column][\/vc_row][vc_row][vc_column][dfd_spacer screen_wide_spacer_size=&#8220;100&#8243; screen_normal_resolution=&#8220;1024&#8243; screen_tablet_resolution=&#8220;800&#8243; screen_mobile_resolution=&#8220;480&#8243; screen_normal_spacer_size=&#8220;80&#8243; screen_tablet_spacer_size=&#8220;60&#8243; screen_mobile_spacer_size=&#8220;60&#8243;][\/vc_column][\/vc_row][vc_row][vc_column dfd_column_responsive_enable=&#8220;dfd-column-responsive-enable&#8220; col_shadow=&#8220;box_shadow_enable:disable|shadow_horizontal:0|shadow_vertical:15|shadow_blur:50|shadow_spread:0|box_shadow_color:rgba(0%2C0%2C0%2C0.35)&#8220; col_shadow_hover=&#8220;box_shadow_enable:disable|shadow_horizontal:0|shadow_vertical:15|shadow_blur:50|shadow_spread:0|box_shadow_color:rgba(0%2C0%2C0%2C0.35)&#8220; responsive_styles=&#8220;padding_right_desktop:30|padding_right_tablet:30|padding_right_mobile:30&#8243;][dfd_icon_list icon_align=&#8220;icon-right&#8220; list_fields=&#8220;%5B%7B%22icon_type%22%3A%22selector%22%2C%22select_icon%22%3A%22dfd_icons%22%2C%22ic_dfd_icons%22%3A%22dfd-socicon-arrow-right%22%2C%22text_content%22%3A%22N%C3%A4chste%20Erfahrung%22%2C%22link_box%22%3A%22link_b%22%2C%22link%22%3A%22url%3Ahttps%253A%252F%252Fwww.laregionedascoprire.ch%252Fde%252Fzementstrasse%252F%7C%7C%7C%22%7D%5D&#8220; icon_border=&#8220;border_style:solid|border_top_width:2|border_bottom_width:2|border_left_width:2|border_right_width:2|border_radius:20|border_color:%234bb9dc&#8220; main_style=&#8220;style-1&#8243; icon_size=&#8220;20&#8243; icon_color=&#8220;#4bb9dc&#8220; icon_margin=&#8220;15&#8243; font_options=&#8220;tag:div|font_size:18|color:%23000000|letter_spacing:0&#8243; use_google_fonts=&#8220;yes&#8220; custom_fonts=&#8220;font_family:Montserrat%3Aregular%2C700|font_style:700%20bold%20regular%3A700%3Anormal&#8220; tutorials=&#8220;&#8220;][\/vc_column][\/vc_row][vc_row][vc_column][dfd_spacer screen_wide_spacer_size=&#8220;200&#8243; screen_normal_resolution=&#8220;1024&#8243; screen_tablet_resolution=&#8220;800&#8243; screen_mobile_resolution=&#8220;480&#8243; screen_normal_spacer_size=&#8220;150&#8243; screen_tablet_spacer_size=&#8220;100&#8243; screen_mobile_spacer_size=&#8220;100&#8243;][\/vc_column][\/vc_row]<\/p>\n<\/div>","protected":false},"excerpt":{"rendered":"<p>[vc_row dfd_row_config=&#8220;full_width_content&#8220; css=&#8220;.vc_custom_1591421327569{background-image: url(https:\/\/laregionedascoprire.ch\/wp-content\/uploads\/2020\/06\/laregionedascoprire_principale_nevere.jpg?id=29072) !important;background-position: center !important;background-repeat: no-repeat !important;background-size: cover !important;}&#8220;][vc_column][dfd_spacer screen_wide_spacer_size=&#8220;400&#8243; screen_normal_resolution=&#8220;1200&#8243; screen_tablet_resolution=&#8220;800&#8243; screen_mobile_resolution=&#8220;480&#8243; screen_normal_spacer_size=&#8220;200&#8243; screen_tablet_spacer_size=&#8220;250&#8243; screen_mobile_spacer_size=&#8220;120&#8243;][dfd_videoplayer title=&#8220;&#8220; subtitle=&#8220;&#8220; video_link=&#8220;https:\/\/vimeo.com\/258787029&#8243; main_border=&#8220;border_style:solid|border_width:3|border_radius:60|border_color:%23ffffff&#8220; main_border_hover=&#8220;border_style:solid|border_width:3|border_radius:60|border_color:%23ffffff&#8220; main_style=&#8220;style-2&#8243; main_background=&#8220;rgba(255,255,255,0.01)&#8220; main_background_hover=&#8220;rgba(255,255,255,0.01)&#8220; icon_color=&#8220;#ffffff&#8220; icon_hover_color=&#8220;#ffffff&#8220; icon_background=&#8220;rgba(255,255,255,0.01)&#8220; icon_hover_background=&#8220;rgba(255,255,255,0.01)&#8220;<\/p>\n","protected":false},"author":1,"featured_media":0,"parent":0,"menu_order":0,"comment_status":"closed","ping_status":"closed","template":"tmp-page.php","meta":{"inline_featured_image":false,"footnotes":""},"class_list":["post-29811","page","type-page","status-publish","hentry"],"yoast_head":"<!-- This site is optimized with the Yoast SEO plugin v26.9 - https:\/\/yoast.com\/product\/yoast-seo-wordpress\/ -->\n<title>nev\u00e8re - La regione da scoprire<\/title>\n<meta name=\"robots\" content=\"index, follow, max-snippet:-1, max-image-preview:large, max-video-preview:-1\" \/>\n<link rel=\"canonical\" href=\"https:\/\/www.laregionedascoprire.ch\/de\/nevere\/\" \/>\n<meta property=\"og:locale\" content=\"de_DE\" \/>\n<meta property=\"og:type\" content=\"article\" \/>\n<meta property=\"og:title\" content=\"nev\u00e8re - La regione da scoprire\" \/>\n<meta property=\"og:description\" content=\"[vc_row dfd_row_config=&#8220;full_width_content&#8220; css=&#8220;.vc_custom_1591421327569{background-image: url(https:\/\/laregionedascoprire.ch\/wp-content\/uploads\/2020\/06\/laregionedascoprire_principale_nevere.jpg?id=29072) !important;background-position: center !important;background-repeat: no-repeat !important;background-size: cover !important;}&#8220;][vc_column][dfd_spacer screen_wide_spacer_size=&#8220;400&#8243; screen_normal_resolution=&#8220;1200&#8243; screen_tablet_resolution=&#8220;800&#8243; screen_mobile_resolution=&#8220;480&#8243; screen_normal_spacer_size=&#8220;200&#8243; screen_tablet_spacer_size=&#8220;250&#8243; screen_mobile_spacer_size=&#8220;120&#8243;][dfd_videoplayer title=&#8220;&#8220; subtitle=&#8220;&#8220; video_link=&#8220;https:\/\/vimeo.com\/258787029&#8243; main_border=&#8220;border_style:solid|border_width:3|border_radius:60|border_color:%23ffffff&#8220; main_border_hover=&#8220;border_style:solid|border_width:3|border_radius:60|border_color:%23ffffff&#8220; main_style=&#8220;style-2&#8243; main_background=&#8220;rgba(255,255,255,0.01)&#8220; main_background_hover=&#8220;rgba(255,255,255,0.01)&#8220; icon_color=&#8220;#ffffff&#8220; icon_hover_color=&#8220;#ffffff&#8220; icon_background=&#8220;rgba(255,255,255,0.01)&#8220; icon_hover_background=&#8220;rgba(255,255,255,0.01)&#8220;\" \/>\n<meta property=\"og:url\" content=\"https:\/\/www.laregionedascoprire.ch\/de\/nevere\/\" \/>\n<meta property=\"og:site_name\" content=\"La regione da scoprire\" \/>\n<meta property=\"article:modified_time\" content=\"2020-07-02T12:15:28+00:00\" \/>\n<meta name=\"twitter:card\" content=\"summary_large_image\" \/>\n<meta name=\"twitter:label1\" content=\"Gesch\u00e4tzte Lesezeit\" \/>\n\t<meta name=\"twitter:data1\" content=\"6\u00a0Minuten\" \/>\n<script type=\"application\/ld+json\" class=\"yoast-schema-graph\">{\"@context\":\"https:\/\/schema.org\",\"@graph\":[{\"@type\":\"WebPage\",\"@id\":\"https:\/\/www.laregionedascoprire.ch\/de\/nevere\/\",\"url\":\"https:\/\/www.laregionedascoprire.ch\/de\/nevere\/\",\"name\":\"nev\u00e8re - La regione da scoprire\",\"isPartOf\":{\"@id\":\"https:\/\/www.laregionedascoprire.ch\/de\/#website\"},\"datePublished\":\"2020-06-30T09:45:10+00:00\",\"dateModified\":\"2020-07-02T12:15:28+00:00\",\"breadcrumb\":{\"@id\":\"https:\/\/www.laregionedascoprire.ch\/de\/nevere\/#breadcrumb\"},\"inLanguage\":\"de\",\"potentialAction\":[{\"@type\":\"ReadAction\",\"target\":[\"https:\/\/www.laregionedascoprire.ch\/de\/nevere\/\"]}]},{\"@type\":\"BreadcrumbList\",\"@id\":\"https:\/\/www.laregionedascoprire.ch\/de\/nevere\/#breadcrumb\",\"itemListElement\":[{\"@type\":\"ListItem\",\"position\":1,\"name\":\"Home\",\"item\":\"https:\/\/www.laregionedascoprire.ch\/de\/\"},{\"@type\":\"ListItem\",\"position\":2,\"name\":\"nev\u00e8re\"}]},{\"@type\":\"WebSite\",\"@id\":\"https:\/\/www.laregionedascoprire.ch\/de\/#website\",\"url\":\"https:\/\/www.laregionedascoprire.ch\/de\/\",\"name\":\"La regione da scoprire\",\"description\":\"Morsetta\",\"publisher\":{\"@id\":\"https:\/\/www.laregionedascoprire.ch\/de\/#organization\"},\"potentialAction\":[{\"@type\":\"SearchAction\",\"target\":{\"@type\":\"EntryPoint\",\"urlTemplate\":\"https:\/\/www.laregionedascoprire.ch\/de\/?s={search_term_string}\"},\"query-input\":{\"@type\":\"PropertyValueSpecification\",\"valueRequired\":true,\"valueName\":\"search_term_string\"}}],\"inLanguage\":\"de\"},{\"@type\":\"Organization\",\"@id\":\"https:\/\/www.laregionedascoprire.ch\/de\/#organization\",\"name\":\"laregionedascoprire\",\"url\":\"https:\/\/www.laregionedascoprire.ch\/de\/\",\"logo\":{\"@type\":\"ImageObject\",\"inLanguage\":\"de\",\"@id\":\"https:\/\/www.laregionedascoprire.ch\/de\/#\/schema\/logo\/image\/\",\"url\":\"https:\/\/www.laregionedascoprire.ch\/wp-content\/uploads\/2020\/06\/morsetta_logo.png\",\"contentUrl\":\"https:\/\/www.laregionedascoprire.ch\/wp-content\/uploads\/2020\/06\/morsetta_logo.png\",\"width\":145,\"height\":208,\"caption\":\"laregionedascoprire\"},\"image\":{\"@id\":\"https:\/\/www.laregionedascoprire.ch\/de\/#\/schema\/logo\/image\/\"}}]}<\/script>\n<!-- \/ Yoast SEO plugin. -->","yoast_head_json":{"title":"nev\u00e8re - La regione da scoprire","robots":{"index":"index","follow":"follow","max-snippet":"max-snippet:-1","max-image-preview":"max-image-preview:large","max-video-preview":"max-video-preview:-1"},"canonical":"https:\/\/www.laregionedascoprire.ch\/de\/nevere\/","og_locale":"de_DE","og_type":"article","og_title":"nev\u00e8re - La regione da scoprire","og_description":"[vc_row dfd_row_config=&#8220;full_width_content&#8220; css=&#8220;.vc_custom_1591421327569{background-image: url(https:\/\/laregionedascoprire.ch\/wp-content\/uploads\/2020\/06\/laregionedascoprire_principale_nevere.jpg?id=29072) !important;background-position: center !important;background-repeat: no-repeat !important;background-size: cover !important;}&#8220;][vc_column][dfd_spacer screen_wide_spacer_size=&#8220;400&#8243; screen_normal_resolution=&#8220;1200&#8243; screen_tablet_resolution=&#8220;800&#8243; screen_mobile_resolution=&#8220;480&#8243; screen_normal_spacer_size=&#8220;200&#8243; screen_tablet_spacer_size=&#8220;250&#8243; screen_mobile_spacer_size=&#8220;120&#8243;][dfd_videoplayer title=&#8220;&#8220; subtitle=&#8220;&#8220; video_link=&#8220;https:\/\/vimeo.com\/258787029&#8243; main_border=&#8220;border_style:solid|border_width:3|border_radius:60|border_color:%23ffffff&#8220; main_border_hover=&#8220;border_style:solid|border_width:3|border_radius:60|border_color:%23ffffff&#8220; main_style=&#8220;style-2&#8243; main_background=&#8220;rgba(255,255,255,0.01)&#8220; main_background_hover=&#8220;rgba(255,255,255,0.01)&#8220; icon_color=&#8220;#ffffff&#8220; icon_hover_color=&#8220;#ffffff&#8220; icon_background=&#8220;rgba(255,255,255,0.01)&#8220; icon_hover_background=&#8220;rgba(255,255,255,0.01)&#8220;","og_url":"https:\/\/www.laregionedascoprire.ch\/de\/nevere\/","og_site_name":"La regione da scoprire","article_modified_time":"2020-07-02T12:15:28+00:00","twitter_card":"summary_large_image","twitter_misc":{"Gesch\u00e4tzte Lesezeit":"6\u00a0Minuten"},"schema":{"@context":"https:\/\/schema.org","@graph":[{"@type":"WebPage","@id":"https:\/\/www.laregionedascoprire.ch\/de\/nevere\/","url":"https:\/\/www.laregionedascoprire.ch\/de\/nevere\/","name":"nev\u00e8re - La regione da scoprire","isPartOf":{"@id":"https:\/\/www.laregionedascoprire.ch\/de\/#website"},"datePublished":"2020-06-30T09:45:10+00:00","dateModified":"2020-07-02T12:15:28+00:00","breadcrumb":{"@id":"https:\/\/www.laregionedascoprire.ch\/de\/nevere\/#breadcrumb"},"inLanguage":"de","potentialAction":[{"@type":"ReadAction","target":["https:\/\/www.laregionedascoprire.ch\/de\/nevere\/"]}]},{"@type":"BreadcrumbList","@id":"https:\/\/www.laregionedascoprire.ch\/de\/nevere\/#breadcrumb","itemListElement":[{"@type":"ListItem","position":1,"name":"Home","item":"https:\/\/www.laregionedascoprire.ch\/de\/"},{"@type":"ListItem","position":2,"name":"nev\u00e8re"}]},{"@type":"WebSite","@id":"https:\/\/www.laregionedascoprire.ch\/de\/#website","url":"https:\/\/www.laregionedascoprire.ch\/de\/","name":"La regione da scoprire","description":"Morsetta","publisher":{"@id":"https:\/\/www.laregionedascoprire.ch\/de\/#organization"},"potentialAction":[{"@type":"SearchAction","target":{"@type":"EntryPoint","urlTemplate":"https:\/\/www.laregionedascoprire.ch\/de\/?s={search_term_string}"},"query-input":{"@type":"PropertyValueSpecification","valueRequired":true,"valueName":"search_term_string"}}],"inLanguage":"de"},{"@type":"Organization","@id":"https:\/\/www.laregionedascoprire.ch\/de\/#organization","name":"laregionedascoprire","url":"https:\/\/www.laregionedascoprire.ch\/de\/","logo":{"@type":"ImageObject","inLanguage":"de","@id":"https:\/\/www.laregionedascoprire.ch\/de\/#\/schema\/logo\/image\/","url":"https:\/\/www.laregionedascoprire.ch\/wp-content\/uploads\/2020\/06\/morsetta_logo.png","contentUrl":"https:\/\/www.laregionedascoprire.ch\/wp-content\/uploads\/2020\/06\/morsetta_logo.png","width":145,"height":208,"caption":"laregionedascoprire"},"image":{"@id":"https:\/\/www.laregionedascoprire.ch\/de\/#\/schema\/logo\/image\/"}}]}},"_links":{"self":[{"href":"https:\/\/www.laregionedascoprire.ch\/de\/wp-json\/wp\/v2\/pages\/29811","targetHints":{"allow":["GET"]}}],"collection":[{"href":"https:\/\/www.laregionedascoprire.ch\/de\/wp-json\/wp\/v2\/pages"}],"about":[{"href":"https:\/\/www.laregionedascoprire.ch\/de\/wp-json\/wp\/v2\/types\/page"}],"author":[{"embeddable":true,"href":"https:\/\/www.laregionedascoprire.ch\/de\/wp-json\/wp\/v2\/users\/1"}],"replies":[{"embeddable":true,"href":"https:\/\/www.laregionedascoprire.ch\/de\/wp-json\/wp\/v2\/comments?post=29811"}],"version-history":[{"count":3,"href":"https:\/\/www.laregionedascoprire.ch\/de\/wp-json\/wp\/v2\/pages\/29811\/revisions"}],"predecessor-version":[{"id":29948,"href":"https:\/\/www.laregionedascoprire.ch\/de\/wp-json\/wp\/v2\/pages\/29811\/revisions\/29948"}],"wp:attachment":[{"href":"https:\/\/www.laregionedascoprire.ch\/de\/wp-json\/wp\/v2\/media?parent=29811"}],"curies":[{"name":"wp","href":"https:\/\/api.w.org\/{rel}","templated":true}]}}