{"id":29799,"date":"2020-06-30T11:29:53","date_gmt":"2020-06-30T09:29:53","guid":{"rendered":"https:\/\/www.laregionedascoprire.ch\/monte-generoso\/"},"modified":"2020-07-02T14:16:09","modified_gmt":"2020-07-02T12:16:09","slug":"monte-generoso","status":"publish","type":"page","link":"https:\/\/www.laregionedascoprire.ch\/de\/monte-generoso\/","title":{"rendered":"Monte Generoso"},"content":{"rendered":"<div class=\"wpb-content-wrapper\"><p>[vc_row dfd_row_config=&#8220;full_width_content&#8220; css=&#8220;.vc_custom_1591349105826{background-image: url(https:\/\/laregionedascoprire.ch\/wp-content\/uploads\/2020\/06\/laregionedascoprire_generoso_principale.jpg?id=29048) !important;background-position: center !important;background-repeat: no-repeat !important;background-size: cover !important;}&#8220;][vc_column][dfd_spacer screen_wide_spacer_size=&#8220;400&#8243; screen_normal_resolution=&#8220;1200&#8243; screen_tablet_resolution=&#8220;800&#8243; screen_mobile_resolution=&#8220;480&#8243; screen_normal_spacer_size=&#8220;200&#8243; screen_tablet_spacer_size=&#8220;250&#8243; screen_mobile_spacer_size=&#8220;120&#8243;][dfd_videoplayer title=&#8220;&#8220; subtitle=&#8220;&#8220; video_link=&#8220;https:\/\/vimeo.com\/258787029&#8243; main_border=&#8220;border_style:solid|border_width:3|border_radius:60|border_color:%23ffffff&#8220; main_border_hover=&#8220;border_style:solid|border_width:3|border_radius:60|border_color:%23ffffff&#8220; main_style=&#8220;style-2&#8243; main_background=&#8220;rgba(255,255,255,0.01)&#8220; main_background_hover=&#8220;rgba(255,255,255,0.01)&#8220; icon_color=&#8220;#ffffff&#8220; icon_hover_color=&#8220;#ffffff&#8220; icon_background=&#8220;rgba(255,255,255,0.01)&#8220; icon_hover_background=&#8220;rgba(255,255,255,0.01)&#8220; icon_bg_size=&#8220;120&#8243; icon_font_size=&#8220;70&#8243;][dfd_spacer screen_wide_spacer_size=&#8220;400&#8243; screen_normal_resolution=&#8220;1200&#8243; screen_tablet_resolution=&#8220;800&#8243; screen_mobile_resolution=&#8220;480&#8243; screen_normal_spacer_size=&#8220;200&#8243; screen_tablet_spacer_size=&#8220;250&#8243; screen_mobile_spacer_size=&#8220;120&#8243;][\/vc_column][\/vc_row][vc_row][vc_column][dfd_spacer screen_wide_spacer_size=&#8220;150&#8243; screen_normal_resolution=&#8220;1200&#8243; screen_tablet_resolution=&#8220;800&#8243; screen_mobile_resolution=&#8220;480&#8243; screen_normal_spacer_size=&#8220;100&#8243; screen_tablet_spacer_size=&#8220;100&#8243; screen_mobile_spacer_size=&#8220;80&#8243;][\/vc_column][\/vc_row][vc_row dfd_row_config=&#8220;full_width_content&#8220;][vc_column width=&#8220;1\/12&#8243;][\/vc_column][vc_column width=&#8220;6\/12&#8243; dfd_column_responsive_enable=&#8220;dfd-column-responsive-enable&#8220; col_shadow=&#8220;box_shadow_enable:disable|shadow_horizontal:0|shadow_vertical:15|shadow_blur:50|shadow_spread:0|box_shadow_color:rgba(0%2C0%2C0%2C0.35)&#8220; col_shadow_hover=&#8220;box_shadow_enable:disable|shadow_horizontal:0|shadow_vertical:15|shadow_blur:50|shadow_spread:0|box_shadow_color:rgba(0%2C0%2C0%2C0.35)&#8220; responsive_styles=&#8220;padding_left_desktop:0|padding_left_tablet:0|padding_left_mobile:30|padding_right_mobile:30&#8243; el_class=&#8220;testo-descrizione&#8220; css=&#8220;.vc_custom_1591340648159{padding-left: 160px !important;}&#8220;][vc_column_text css=&#8220;.vc_custom_1591348588828{padding-bottom: 20px !important;}&#8220; el_class=&#8220;titolo-quattro&#8220;]<\/p>\n<h1 class=\"p1\">Zahnradbahn Monte Generoso<\/h1>\n<p>[\/vc_column_text][vc_column_text]<\/p>\n<p class=\"p1\">Vom Monte Generoso aus kann man auf beide Grenzl\u00e4nder schauen, und vom Gipfel ist das Panorama einfach atemberaubend! Aus 1\u2019704 m H\u00f6he sieht man die Alpen, die Apenninen und die Seen. Der Gipfel des Monte Generoso ist seit jeher ein namhaftesAusflugsziel f\u00fcr Wanderer und Touristen. Seit 1890 f\u00e4hrt hier die \u00e4lteste sich noch im Dienst befindende Dampflok der Schweiz mit ihren Panoramawagen. Die alte Lokomotive braucht neben dem grossen K\u00f6rpereinsatz des Lokf\u00fchrer und Heizers, zentnerweise Kohle und mehr als 2\u2019000 Liter Wasser, um den H\u00f6henunterschied von 1\u2019400 m zu meistern. Eine komfortable elektrische Zahnradbahn erreicht den Gipfel in etwas mehr als 40 Minuten.<\/p>\n<p>[\/vc_column_text][\/vc_column][vc_column width=&#8220;1\/12&#8243;][\/vc_column][vc_column width=&#8220;4\/12&#8243; dfd_column_responsive_enable=&#8220;dfd-column-responsive-enable&#8220; css=&#8220;.vc_custom_1591340034224{padding-right: 100px !important;}&#8220; col_shadow=&#8220;box_shadow_enable:disable|shadow_horizontal:0|shadow_vertical:15|shadow_blur:50|shadow_spread:0|box_shadow_color:rgba(0%2C0%2C0%2C0.35)&#8220; col_shadow_hover=&#8220;box_shadow_enable:disable|shadow_horizontal:0|shadow_vertical:15|shadow_blur:50|shadow_spread:0|box_shadow_color:rgba(0%2C0%2C0%2C0.35)&#8220; responsive_styles=&#8220;padding_right_desktop:30|padding_right_tablet:30|padding_left_mobile:120|padding_right_mobile:30&#8243;][dfd_spacer screen_wide_spacer_size=&#8220;200&#8243; screen_normal_resolution=&#8220;1024&#8243; screen_tablet_resolution=&#8220;800&#8243; screen_mobile_resolution=&#8220;480&#8243; screen_normal_spacer_size=&#8220;200&#8243; screen_tablet_spacer_size=&#8220;60&#8243; screen_mobile_spacer_size=&#8220;40&#8243;][dfd_single_image enable_retina=&#8220;&#8220; image_alignment=&#8220;image-left&#8220; image=&#8220;29045&#8243; el_class=&#8220;foto-rotonda&#8220;][\/vc_column][\/vc_row][vc_row][vc_column][dfd_spacer screen_wide_spacer_size=&#8220;200&#8243; screen_normal_resolution=&#8220;1024&#8243; screen_tablet_resolution=&#8220;800&#8243; screen_mobile_resolution=&#8220;480&#8243; screen_normal_spacer_size=&#8220;150&#8243; screen_tablet_spacer_size=&#8220;100&#8243; screen_mobile_spacer_size=&#8220;100&#8243;][\/vc_column][\/vc_row][vc_row force_equal_height_columns=&#8220;main_row&#8220; bg_check=&#8220;row-background-dark&#8220;][vc_column width=&#8220;2\/3&#8243; css=&#8220;.vc_custom_1591348855259{background-image: url(https:\/\/laregionedascoprire.ch\/wp-content\/uploads\/2020\/06\/laregionedascoprire_generoso_video.jpg?id=29047) !important;background-position: center !important;background-repeat: no-repeat !important;background-size: cover !important;}&#8220; col_shadow=&#8220;box_shadow_enable:disable|shadow_horizontal:0|shadow_vertical:15|shadow_blur:50|shadow_spread:0|box_shadow_color:rgba(0%2C0%2C0%2C0.35)&#8220; col_shadow_hover=&#8220;box_shadow_enable:disable|shadow_horizontal:0|shadow_vertical:15|shadow_blur:50|shadow_spread:0|box_shadow_color:rgba(0%2C0%2C0%2C0.35)&#8220;][dfd_spacer screen_wide_spacer_size=&#8220;200&#8243; screen_normal_resolution=&#8220;1024&#8243; screen_tablet_resolution=&#8220;800&#8243; screen_mobile_resolution=&#8220;480&#8243; screen_normal_spacer_size=&#8220;200&#8243; screen_tablet_spacer_size=&#8220;150&#8243; screen_mobile_spacer_size=&#8220;60&#8243;][dfd_videoplayer title=&#8220;&#8220; subtitle=&#8220;&#8220; video_link=&#8220;https:\/\/vimeo.com\/277051165&#8243; main_border=&#8220;border_style:solid|border_width:3|border_radius:60|border_color:%23ffffff&#8220; main_border_hover=&#8220;border_style:solid|border_width:3|border_radius:60|border_color:%23ffffff&#8220; main_style=&#8220;style-2&#8243; main_background=&#8220;rgba(255,255,255,0.01)&#8220; main_background_hover=&#8220;rgba(255,255,255,0.01)&#8220; icon_color=&#8220;#ffffff&#8220; icon_hover_color=&#8220;#ffffff&#8220; icon_background=&#8220;rgba(255,255,255,0.01)&#8220; icon_hover_background=&#8220;rgba(255,255,255,0.01)&#8220; icon_bg_size=&#8220;120&#8243; icon_font_size=&#8220;70&#8243;][dfd_spacer screen_wide_spacer_size=&#8220;200&#8243; screen_normal_resolution=&#8220;1024&#8243; screen_tablet_resolution=&#8220;800&#8243; screen_mobile_resolution=&#8220;480&#8243; screen_normal_spacer_size=&#8220;200&#8243; screen_tablet_spacer_size=&#8220;150&#8243; screen_mobile_spacer_size=&#8220;60&#8243;][\/vc_column][vc_column width=&#8220;1\/3&#8243; css=&#8220;.vc_custom_1591348468937{padding-top: 60px !important;padding-right: 30px !important;padding-bottom: 60px !important;padding-left: 30px !important;background-color: #0a67a6 !important;}&#8220; col_shadow=&#8220;box_shadow_enable:disable|shadow_horizontal:0|shadow_vertical:15|shadow_blur:50|shadow_spread:0|box_shadow_color:rgba(0%2C0%2C0%2C0.35)&#8220; col_shadow_hover=&#8220;box_shadow_enable:disable|shadow_horizontal:0|shadow_vertical:15|shadow_blur:50|shadow_spread:0|box_shadow_color:rgba(0%2C0%2C0%2C0.35)&#8220;][vc_column_text css=&#8220;.vc_custom_1591701246828{padding-bottom: 20px !important;}&#8220;]<\/p>\n<h1 class=\"p1\">Eisenbahn Monte Generoso<\/h1>\n<p>[\/vc_column_text][vc_column_text]<\/p>\n<p class=\"p1\">Die seit 130 Jahren verkehrende Zahnradbahn verl\u00e4sst Capolago am Luganersee, um den Gipfel auf 1704 m H\u00f6he zu erreichen, wobei sie 9 km durch die malerische Bergkulisse des Naturparks Monte Generoso f\u00e4hrt. Der Dampfzug von 1890, der \u00e4lteste in der Schweiz verkehrende Dampfzug, und die Oldtimerz\u00fcge von 1950 lassen die Zeit der Belle \u00c9poque wieder aufleben.<\/p>\n<p>[\/vc_column_text][\/vc_column][\/vc_row][vc_row][vc_column][dfd_spacer screen_wide_spacer_size=&#8220;100&#8243; screen_normal_resolution=&#8220;1024&#8243; screen_tablet_resolution=&#8220;800&#8243; screen_mobile_resolution=&#8220;480&#8243; screen_normal_spacer_size=&#8220;80&#8243; screen_tablet_spacer_size=&#8220;60&#8243; screen_mobile_spacer_size=&#8220;60&#8243;][\/vc_column][\/vc_row][vc_row][vc_column dfd_column_responsive_enable=&#8220;dfd-column-responsive-enable&#8220; col_shadow=&#8220;box_shadow_enable:disable|shadow_horizontal:0|shadow_vertical:15|shadow_blur:50|shadow_spread:0|box_shadow_color:rgba(0%2C0%2C0%2C0.35)&#8220; col_shadow_hover=&#8220;box_shadow_enable:disable|shadow_horizontal:0|shadow_vertical:15|shadow_blur:50|shadow_spread:0|box_shadow_color:rgba(0%2C0%2C0%2C0.35)&#8220; responsive_styles=&#8220;padding_right_desktop:30|padding_right_tablet:30|padding_right_mobile:30&#8243;][dfd_icon_list icon_align=&#8220;icon-right&#8220; list_fields=&#8220;%5B%7B%22icon_type%22%3A%22selector%22%2C%22select_icon%22%3A%22dfd_icons%22%2C%22ic_dfd_icons%22%3A%22dfd-socicon-arrow-right%22%2C%22text_content%22%3A%22N%C3%A4chste%20Erfahrung%22%2C%22link_box%22%3A%22link_b%22%2C%22link%22%3A%22url%3Ahttps%253A%252F%252Fwww.laregionedascoprire.ch%252Fde%252Fbaerenhoele%252F%7C%7C%7C%22%7D%5D&#8220; icon_border=&#8220;border_style:solid|border_top_width:2|border_bottom_width:2|border_left_width:2|border_right_width:2|border_radius:20|border_color:%230a67a6&#8243; main_style=&#8220;style-1&#8243; icon_size=&#8220;20&#8243; icon_color=&#8220;#0a67a6&#8243; icon_margin=&#8220;15&#8243; font_options=&#8220;tag:div|font_size:18|color:%23000000|letter_spacing:0&#8243; use_google_fonts=&#8220;yes&#8220; custom_fonts=&#8220;font_family:Montserrat%3Aregular%2C700|font_style:700%20bold%20regular%3A700%3Anormal&#8220; tutorials=&#8220;&#8220;][\/vc_column][\/vc_row][vc_row][vc_column][dfd_spacer screen_wide_spacer_size=&#8220;200&#8243; screen_normal_resolution=&#8220;1024&#8243; screen_tablet_resolution=&#8220;800&#8243; screen_mobile_resolution=&#8220;480&#8243; screen_normal_spacer_size=&#8220;150&#8243; screen_tablet_spacer_size=&#8220;100&#8243; screen_mobile_spacer_size=&#8220;100&#8243;][\/vc_column][\/vc_row]<\/p>\n<\/div>","protected":false},"excerpt":{"rendered":"<p>[vc_row dfd_row_config=&#8220;full_width_content&#8220; css=&#8220;.vc_custom_1591349105826{background-image: url(https:\/\/laregionedascoprire.ch\/wp-content\/uploads\/2020\/06\/laregionedascoprire_generoso_principale.jpg?id=29048) !important;background-position: center !important;background-repeat: no-repeat !important;background-size: cover !important;}&#8220;][vc_column][dfd_spacer screen_wide_spacer_size=&#8220;400&#8243; screen_normal_resolution=&#8220;1200&#8243; screen_tablet_resolution=&#8220;800&#8243; screen_mobile_resolution=&#8220;480&#8243; screen_normal_spacer_size=&#8220;200&#8243; screen_tablet_spacer_size=&#8220;250&#8243; screen_mobile_spacer_size=&#8220;120&#8243;][dfd_videoplayer title=&#8220;&#8220; subtitle=&#8220;&#8220; video_link=&#8220;https:\/\/vimeo.com\/258787029&#8243; main_border=&#8220;border_style:solid|border_width:3|border_radius:60|border_color:%23ffffff&#8220; main_border_hover=&#8220;border_style:solid|border_width:3|border_radius:60|border_color:%23ffffff&#8220; main_style=&#8220;style-2&#8243; main_background=&#8220;rgba(255,255,255,0.01)&#8220; main_background_hover=&#8220;rgba(255,255,255,0.01)&#8220; icon_color=&#8220;#ffffff&#8220; icon_hover_color=&#8220;#ffffff&#8220; icon_background=&#8220;rgba(255,255,255,0.01)&#8220; icon_hover_background=&#8220;rgba(255,255,255,0.01)&#8220;<\/p>\n","protected":false},"author":1,"featured_media":0,"parent":0,"menu_order":0,"comment_status":"closed","ping_status":"closed","template":"tmp-page.php","meta":{"inline_featured_image":false,"footnotes":""},"class_list":["post-29799","page","type-page","status-publish","hentry"],"yoast_head":"<!-- This site is optimized with the Yoast SEO plugin v26.9 - https:\/\/yoast.com\/product\/yoast-seo-wordpress\/ -->\n<title>Monte Generoso - La regione da scoprire<\/title>\n<meta name=\"description\" content=\"Der Monte Generoso \u00fcberblickt die beiden Nachbarl\u00e4nder und vom 1&#039;704 Meter hohen Gipfel bietet sich eine atemberaubende Aussicht!\" \/>\n<meta name=\"robots\" content=\"index, follow, max-snippet:-1, max-image-preview:large, max-video-preview:-1\" \/>\n<link rel=\"canonical\" href=\"https:\/\/www.laregionedascoprire.ch\/de\/monte-generoso\/\" \/>\n<meta property=\"og:locale\" content=\"de_DE\" \/>\n<meta property=\"og:type\" content=\"article\" \/>\n<meta property=\"og:title\" content=\"Monte Generoso - La regione da scoprire\" \/>\n<meta property=\"og:description\" content=\"Der Monte Generoso \u00fcberblickt die beiden Nachbarl\u00e4nder und vom 1&#039;704 Meter hohen Gipfel bietet sich eine atemberaubende Aussicht!\" \/>\n<meta property=\"og:url\" content=\"https:\/\/www.laregionedascoprire.ch\/de\/monte-generoso\/\" \/>\n<meta property=\"og:site_name\" content=\"La regione da scoprire\" \/>\n<meta property=\"article:modified_time\" content=\"2020-07-02T12:16:09+00:00\" \/>\n<meta name=\"twitter:card\" content=\"summary_large_image\" \/>\n<meta name=\"twitter:label1\" content=\"Gesch\u00e4tzte Lesezeit\" \/>\n\t<meta name=\"twitter:data1\" content=\"6\u00a0Minuten\" \/>\n<script type=\"application\/ld+json\" class=\"yoast-schema-graph\">{\"@context\":\"https:\/\/schema.org\",\"@graph\":[{\"@type\":\"WebPage\",\"@id\":\"https:\/\/www.laregionedascoprire.ch\/de\/monte-generoso\/\",\"url\":\"https:\/\/www.laregionedascoprire.ch\/de\/monte-generoso\/\",\"name\":\"Monte Generoso - La regione da scoprire\",\"isPartOf\":{\"@id\":\"https:\/\/www.laregionedascoprire.ch\/de\/#website\"},\"datePublished\":\"2020-06-30T09:29:53+00:00\",\"dateModified\":\"2020-07-02T12:16:09+00:00\",\"description\":\"Der Monte Generoso \u00fcberblickt die beiden Nachbarl\u00e4nder und vom 1'704 Meter hohen Gipfel bietet sich eine atemberaubende Aussicht!\",\"breadcrumb\":{\"@id\":\"https:\/\/www.laregionedascoprire.ch\/de\/monte-generoso\/#breadcrumb\"},\"inLanguage\":\"de\",\"potentialAction\":[{\"@type\":\"ReadAction\",\"target\":[\"https:\/\/www.laregionedascoprire.ch\/de\/monte-generoso\/\"]}]},{\"@type\":\"BreadcrumbList\",\"@id\":\"https:\/\/www.laregionedascoprire.ch\/de\/monte-generoso\/#breadcrumb\",\"itemListElement\":[{\"@type\":\"ListItem\",\"position\":1,\"name\":\"Home\",\"item\":\"https:\/\/www.laregionedascoprire.ch\/de\/\"},{\"@type\":\"ListItem\",\"position\":2,\"name\":\"Monte Generoso\"}]},{\"@type\":\"WebSite\",\"@id\":\"https:\/\/www.laregionedascoprire.ch\/de\/#website\",\"url\":\"https:\/\/www.laregionedascoprire.ch\/de\/\",\"name\":\"La regione da scoprire\",\"description\":\"Morsetta\",\"publisher\":{\"@id\":\"https:\/\/www.laregionedascoprire.ch\/de\/#organization\"},\"potentialAction\":[{\"@type\":\"SearchAction\",\"target\":{\"@type\":\"EntryPoint\",\"urlTemplate\":\"https:\/\/www.laregionedascoprire.ch\/de\/?s={search_term_string}\"},\"query-input\":{\"@type\":\"PropertyValueSpecification\",\"valueRequired\":true,\"valueName\":\"search_term_string\"}}],\"inLanguage\":\"de\"},{\"@type\":\"Organization\",\"@id\":\"https:\/\/www.laregionedascoprire.ch\/de\/#organization\",\"name\":\"laregionedascoprire\",\"url\":\"https:\/\/www.laregionedascoprire.ch\/de\/\",\"logo\":{\"@type\":\"ImageObject\",\"inLanguage\":\"de\",\"@id\":\"https:\/\/www.laregionedascoprire.ch\/de\/#\/schema\/logo\/image\/\",\"url\":\"https:\/\/www.laregionedascoprire.ch\/wp-content\/uploads\/2020\/06\/morsetta_logo.png\",\"contentUrl\":\"https:\/\/www.laregionedascoprire.ch\/wp-content\/uploads\/2020\/06\/morsetta_logo.png\",\"width\":145,\"height\":208,\"caption\":\"laregionedascoprire\"},\"image\":{\"@id\":\"https:\/\/www.laregionedascoprire.ch\/de\/#\/schema\/logo\/image\/\"}}]}<\/script>\n<!-- \/ Yoast SEO plugin. -->","yoast_head_json":{"title":"Monte Generoso - La regione da scoprire","description":"Der Monte Generoso \u00fcberblickt die beiden Nachbarl\u00e4nder und vom 1'704 Meter hohen Gipfel bietet sich eine atemberaubende Aussicht!","robots":{"index":"index","follow":"follow","max-snippet":"max-snippet:-1","max-image-preview":"max-image-preview:large","max-video-preview":"max-video-preview:-1"},"canonical":"https:\/\/www.laregionedascoprire.ch\/de\/monte-generoso\/","og_locale":"de_DE","og_type":"article","og_title":"Monte Generoso - La regione da scoprire","og_description":"Der Monte Generoso \u00fcberblickt die beiden Nachbarl\u00e4nder und vom 1'704 Meter hohen Gipfel bietet sich eine atemberaubende Aussicht!","og_url":"https:\/\/www.laregionedascoprire.ch\/de\/monte-generoso\/","og_site_name":"La regione da scoprire","article_modified_time":"2020-07-02T12:16:09+00:00","twitter_card":"summary_large_image","twitter_misc":{"Gesch\u00e4tzte Lesezeit":"6\u00a0Minuten"},"schema":{"@context":"https:\/\/schema.org","@graph":[{"@type":"WebPage","@id":"https:\/\/www.laregionedascoprire.ch\/de\/monte-generoso\/","url":"https:\/\/www.laregionedascoprire.ch\/de\/monte-generoso\/","name":"Monte Generoso - La regione da scoprire","isPartOf":{"@id":"https:\/\/www.laregionedascoprire.ch\/de\/#website"},"datePublished":"2020-06-30T09:29:53+00:00","dateModified":"2020-07-02T12:16:09+00:00","description":"Der Monte Generoso \u00fcberblickt die beiden Nachbarl\u00e4nder und vom 1'704 Meter hohen Gipfel bietet sich eine atemberaubende Aussicht!","breadcrumb":{"@id":"https:\/\/www.laregionedascoprire.ch\/de\/monte-generoso\/#breadcrumb"},"inLanguage":"de","potentialAction":[{"@type":"ReadAction","target":["https:\/\/www.laregionedascoprire.ch\/de\/monte-generoso\/"]}]},{"@type":"BreadcrumbList","@id":"https:\/\/www.laregionedascoprire.ch\/de\/monte-generoso\/#breadcrumb","itemListElement":[{"@type":"ListItem","position":1,"name":"Home","item":"https:\/\/www.laregionedascoprire.ch\/de\/"},{"@type":"ListItem","position":2,"name":"Monte Generoso"}]},{"@type":"WebSite","@id":"https:\/\/www.laregionedascoprire.ch\/de\/#website","url":"https:\/\/www.laregionedascoprire.ch\/de\/","name":"La regione da scoprire","description":"Morsetta","publisher":{"@id":"https:\/\/www.laregionedascoprire.ch\/de\/#organization"},"potentialAction":[{"@type":"SearchAction","target":{"@type":"EntryPoint","urlTemplate":"https:\/\/www.laregionedascoprire.ch\/de\/?s={search_term_string}"},"query-input":{"@type":"PropertyValueSpecification","valueRequired":true,"valueName":"search_term_string"}}],"inLanguage":"de"},{"@type":"Organization","@id":"https:\/\/www.laregionedascoprire.ch\/de\/#organization","name":"laregionedascoprire","url":"https:\/\/www.laregionedascoprire.ch\/de\/","logo":{"@type":"ImageObject","inLanguage":"de","@id":"https:\/\/www.laregionedascoprire.ch\/de\/#\/schema\/logo\/image\/","url":"https:\/\/www.laregionedascoprire.ch\/wp-content\/uploads\/2020\/06\/morsetta_logo.png","contentUrl":"https:\/\/www.laregionedascoprire.ch\/wp-content\/uploads\/2020\/06\/morsetta_logo.png","width":145,"height":208,"caption":"laregionedascoprire"},"image":{"@id":"https:\/\/www.laregionedascoprire.ch\/de\/#\/schema\/logo\/image\/"}}]}},"_links":{"self":[{"href":"https:\/\/www.laregionedascoprire.ch\/de\/wp-json\/wp\/v2\/pages\/29799","targetHints":{"allow":["GET"]}}],"collection":[{"href":"https:\/\/www.laregionedascoprire.ch\/de\/wp-json\/wp\/v2\/pages"}],"about":[{"href":"https:\/\/www.laregionedascoprire.ch\/de\/wp-json\/wp\/v2\/types\/page"}],"author":[{"embeddable":true,"href":"https:\/\/www.laregionedascoprire.ch\/de\/wp-json\/wp\/v2\/users\/1"}],"replies":[{"embeddable":true,"href":"https:\/\/www.laregionedascoprire.ch\/de\/wp-json\/wp\/v2\/comments?post=29799"}],"version-history":[{"count":3,"href":"https:\/\/www.laregionedascoprire.ch\/de\/wp-json\/wp\/v2\/pages\/29799\/revisions"}],"predecessor-version":[{"id":29950,"href":"https:\/\/www.laregionedascoprire.ch\/de\/wp-json\/wp\/v2\/pages\/29799\/revisions\/29950"}],"wp:attachment":[{"href":"https:\/\/www.laregionedascoprire.ch\/de\/wp-json\/wp\/v2\/media?parent=29799"}],"curies":[{"name":"wp","href":"https:\/\/api.w.org\/{rel}","templated":true}]}}